{"id":664,"date":"2020-07-09T12:07:27","date_gmt":"2020-07-09T12:07:27","guid":{"rendered":"http:\/\/www.clu3v.cz\/?page_id=664"},"modified":"2022-06-05T09:32:03","modified_gmt":"2022-06-05T09:32:03","slug":"projekt-integrace","status":"publish","type":"page","link":"https:\/\/www.clu3v.cz\/index.php\/projekt-integrace\/","title":{"rendered":"Projekt Integrace"},"content":{"rendered":"\n<p>Jsme r\u00e1di, \u017ee se n\u00e1m povedlo nav\u00e1zat dal\u0161\u00ed spolupr\u00e1ci s m\u011bstem \u010cesk\u00e1 L\u00edpa, a to na projektu  \u201eIntegrace cizinc\u016f v m\u011bst\u011b \u010cesk\u00e1 L\u00edpa v roce 2022\u201c. V leto\u0161n\u00edm roce jsme se zam\u011b\u0159ili na podporu osvojen\u00ed \u010desk\u00e9ho jazyka pro d\u011bti\/\u017e\u00e1ky cizince a to realizac\u00ed spole\u010dn\u00fdch v\u00fdlet\u016f do regionu, tvo\u0159iv\u00fdch setk\u00e1n\u00ed a relaizac\u00ed p\u0159\u00edm\u011bstsk\u00e9ho t\u00e1bora. Hlavn\u00ed lektorkou je pan\u00ed Lenka Havl\u00ed\u010dkov\u00e1.<\/p>\n\n\n\n<p>Aktu\u00e1ln\u00ed informace k pr\u016fb\u011bhu projektu, spole\u010dn\u00fdm setk\u00e1n\u00edm a v\u00fdstup\u016fm projektu najdete na <a href=\"https:\/\/www.clu3v.cz\/index.php\/category\/aktual-integ\/\">zde.<\/a><\/p>\n\n\n\n<p><strong>Projekt  \u201eIntegrace cizinc\u016f v m\u011bst\u011b \u010cesk\u00e1 L\u00edpa v roce 2022\u201c je po\u0159\u00e1d\u00e1n v r\u00e1mci projektu  \u201ePodpora integrace cizinc\u016f m\u011bsta \u010cesk\u00e1 L\u00edpa v roce 2022\u201c za finan\u010dn\u00ed podpory Ministerstva vnitra \u010cR a m\u011bsta \u010cesk\u00e1 L\u00edpa.<\/strong><\/p>\n\n\n<div class=\"wp-block-image\">\n<figure class=\"aligncenter\"><img loading=\"lazy\" decoding=\"async\" width=\"1024\" height=\"452\" src=\"https:\/\/www.clu3v.cz\/wp-content\/uploads\/2020\/07\/Logo_CMYK-1024x452.jpg\" alt=\"\" class=\"wp-image-669\" srcset=\"https:\/\/www.clu3v.cz\/wp-content\/uploads\/2020\/07\/Logo_CMYK-1024x452.jpg 1024w, https:\/\/www.clu3v.cz\/wp-content\/uploads\/2020\/07\/Logo_CMYK-300x133.jpg 300w, https:\/\/www.clu3v.cz\/wp-content\/uploads\/2020\/07\/Logo_CMYK-768x339.jpg 768w, https:\/\/www.clu3v.cz\/wp-content\/uploads\/2020\/07\/Logo_CMYK-1536x678.jpg 1536w, https:\/\/www.clu3v.cz\/wp-content\/uploads\/2020\/07\/Logo_CMYK-2048x905.jpg 2048w\" sizes=\"auto, (max-width: 767px) 89vw, (max-width: 1000px) 54vw, (max-width: 1071px) 543px, 580px\" \/><\/figure>\n<\/div>\n\n<div class=\"wp-block-image\">\n<figure class=\"aligncenter is-resized\"><img loading=\"lazy\" decoding=\"async\" src=\"https:\/\/www.clu3v.cz\/wp-content\/uploads\/2020\/07\/obrazek.png\" alt=\"\" class=\"wp-image-661\" width=\"535\" height=\"315\" srcset=\"https:\/\/www.clu3v.cz\/wp-content\/uploads\/2020\/07\/obrazek.png 572w, https:\/\/www.clu3v.cz\/wp-content\/uploads\/2020\/07\/obrazek-300x176.png 300w\" sizes=\"auto, (max-width: 535px) 100vw, 535px\" \/><\/figure>\n<\/div>\n\n\n<p><\/p>\n","protected":false},"excerpt":{"rendered":"<p>Jsme r\u00e1di, \u017ee se n\u00e1m povedlo nav\u00e1zat dal\u0161\u00ed spolupr\u00e1ci s m\u011bstem \u010cesk\u00e1 L\u00edpa, a to na projektu \u201eIntegrace cizinc\u016f v m\u011bst\u011b \u010cesk\u00e1 L\u00edpa v roce 2022\u201c. V leto\u0161n\u00edm roce jsme se zam\u011b\u0159ili na podporu osvojen\u00ed \u010desk\u00e9ho jazyka pro d\u011bti\/\u017e\u00e1ky cizince a to realizac\u00ed spole\u010dn\u00fdch v\u00fdlet\u016f do regionu, tvo\u0159iv\u00fdch setk\u00e1n\u00ed a relaizac\u00ed p\u0159\u00edm\u011bstsk\u00e9ho t\u00e1bora. Hlavn\u00ed lektorkou &hellip; <\/p>\n<p class=\"link-more\"><a href=\"https:\/\/www.clu3v.cz\/index.php\/projekt-integrace\/\" class=\"more-link\">Pokra\u010dovat ve \u010dten\u00ed<span class=\"screen-reader-text\"> &#8222;Projekt Integrace&#8220;<\/span><\/a><\/p>\n","protected":false},"author":1,"featured_media":0,"parent":0,"menu_order":0,"comment_status":"closed","ping_status":"closed","template":"","meta":{"footnotes":""},"class_list":["post-664","page","type-page","status-publish","hentry"],"_links":{"self":[{"href":"https:\/\/www.clu3v.cz\/index.php\/wp-json\/wp\/v2\/pages\/664","targetHints":{"allow":["GET"]}}],"collection":[{"href":"https:\/\/www.clu3v.cz\/index.php\/wp-json\/wp\/v2\/pages"}],"about":[{"href":"https:\/\/www.clu3v.cz\/index.php\/wp-json\/wp\/v2\/types\/page"}],"author":[{"embeddable":true,"href":"https:\/\/www.clu3v.cz\/index.php\/wp-json\/wp\/v2\/users\/1"}],"replies":[{"embeddable":true,"href":"https:\/\/www.clu3v.cz\/index.php\/wp-json\/wp\/v2\/comments?post=664"}],"version-history":[{"count":7,"href":"https:\/\/www.clu3v.cz\/index.php\/wp-json\/wp\/v2\/pages\/664\/revisions"}],"predecessor-version":[{"id":904,"href":"https:\/\/www.clu3v.cz\/index.php\/wp-json\/wp\/v2\/pages\/664\/revisions\/904"}],"wp:attachment":[{"href":"https:\/\/www.clu3v.cz\/index.php\/wp-json\/wp\/v2\/media?parent=664"}],"curies":[{"name":"wp","href":"https:\/\/api.w.org\/{rel}","templated":true}]}}