{"id":46,"date":"2019-03-12T07:10:49","date_gmt":"2019-03-12T07:10:49","guid":{"rendered":"http:\/\/www.clu3v.cz\/?page_id=46"},"modified":"2024-08-13T09:10:51","modified_gmt":"2024-08-13T07:10:51","slug":"kontakt","status":"publish","type":"page","link":"https:\/\/www.clu3v.cz\/index.php\/kontakt\/","title":{"rendered":"Kontakt"},"content":{"rendered":"\n<p class=\"has-medium-font-size\"><strong>N\u00e1\u0161 t\u00fdm a m\u00edsto, kde se to v\u0161echno d\u011bje:<\/strong><\/p>\n\n\n\n<p><strong>Ing. Milena Nov\u00e1kov\u00e1 <\/strong><br>P\u0159edsedkyn\u011b spolku CLU3V z.s.<br>+420 775 095 751<br>milena@clu3v.cz<\/p>\n\n\n\n<p><strong>Mgr. Dana Weigertov\u00e1<\/strong><br>Administrativn\u00ed pracovn\u00edk CLU3V z.s.<br>+420 775 563 683<br>dana@clu3v.cz ; vylety@clu3v.cz<\/p>\n\n\n\n<p><strong>Adresa<\/strong><br>Kancel\u00e1\u0159 a u\u010debna &#8211; otev\u0159eno v\u017edy po dohod\u011b<br>Centrum L\u00edp a spolu<br>Moskevsk\u00e1 82<br>470 01 \u010cesk\u00e1 L\u00edpa<\/p>\n\n\n\n<p><strong>Otev\u00edrac\u00ed doba<\/strong><br>Po domluv\u011b<\/p>\n\n\n\n<p><strong>Telefon<\/strong><br>+420 775 563 683 <\/p>\n\n\n\n<p><strong>e-mail<\/strong><br>clu3v@seznam.cz<\/p>\n\n\n\n<p><\/p>\n\n\n\n<p> <\/p>\n","protected":false},"excerpt":{"rendered":"<p>N\u00e1\u0161 t\u00fdm a m\u00edsto, kde se to v\u0161echno d\u011bje: Ing. Milena Nov\u00e1kov\u00e1 P\u0159edsedkyn\u011b spolku CLU3V z.s.+420 775 095 751milena@clu3v.cz Mgr. Dana Weigertov\u00e1Administrativn\u00ed pracovn\u00edk CLU3V z.s.+420 775 563 683dana@clu3v.cz ; vylety@clu3v.cz AdresaKancel\u00e1\u0159 a u\u010debna &#8211; otev\u0159eno v\u017edy po dohod\u011bCentrum L\u00edp a spoluMoskevsk\u00e1 82470 01 \u010cesk\u00e1 L\u00edpa Otev\u00edrac\u00ed dobaPo domluv\u011b Telefon+420 775 563 683 e-mailclu3v@seznam.cz<\/p>\n","protected":false},"author":1,"featured_media":0,"parent":0,"menu_order":0,"comment_status":"closed","ping_status":"closed","template":"","meta":{"footnotes":""},"class_list":["post-46","page","type-page","status-publish","hentry"],"_links":{"self":[{"href":"https:\/\/www.clu3v.cz\/index.php\/wp-json\/wp\/v2\/pages\/46","targetHints":{"allow":["GET"]}}],"collection":[{"href":"https:\/\/www.clu3v.cz\/index.php\/wp-json\/wp\/v2\/pages"}],"about":[{"href":"https:\/\/www.clu3v.cz\/index.php\/wp-json\/wp\/v2\/types\/page"}],"author":[{"embeddable":true,"href":"https:\/\/www.clu3v.cz\/index.php\/wp-json\/wp\/v2\/users\/1"}],"replies":[{"embeddable":true,"href":"https:\/\/www.clu3v.cz\/index.php\/wp-json\/wp\/v2\/comments?post=46"}],"version-history":[{"count":14,"href":"https:\/\/www.clu3v.cz\/index.php\/wp-json\/wp\/v2\/pages\/46\/revisions"}],"predecessor-version":[{"id":1048,"href":"https:\/\/www.clu3v.cz\/index.php\/wp-json\/wp\/v2\/pages\/46\/revisions\/1048"}],"wp:attachment":[{"href":"https:\/\/www.clu3v.cz\/index.php\/wp-json\/wp\/v2\/media?parent=46"}],"curies":[{"name":"wp","href":"https:\/\/api.w.org\/{rel}","templated":true}]}}