{"id":45,"date":"2019-03-12T07:10:49","date_gmt":"2019-03-12T07:10:49","guid":{"rendered":"http:\/\/www.clu3v.cz\/?page_id=45"},"modified":"2020-06-29T10:18:57","modified_gmt":"2020-06-29T10:18:57","slug":"o-nas","status":"publish","type":"page","link":"https:\/\/www.clu3v.cz\/index.php\/o-nas\/","title":{"rendered":"O n\u00e1s"},"content":{"rendered":"<p><b>Univerzita t\u0159et\u00edho v\u011bku<\/b>\u00a0(U3V) je koncepce\u00a0celo\u017eivotn\u00edho vzd\u011bl\u00e1v\u00e1n\u00ed pro z\u00e1jemce v ka\u017ed\u00e9m v\u011bku. Speci\u00e1ln\u00ed vzd\u011bl\u00e1vac\u00ed program pro seniory m\u00e1 p\u016fvod ve Francii. V \u010cech\u00e1ch byla zalo\u017eena prvn\u00ed univerzita t\u0159et\u00edho v\u011bku v Olomouci v roce 1986<\/p>\n<p><strong>Podstatou univerzity t\u0159et\u00edho v\u011bku je:<\/strong><\/p>\n<ul>\n<li>p\u0159ihl\u00e1sit se m\u016f\u017ee ka\u017ed\u00fd<\/li>\n<li>absolvent z\u00edsk\u00e1 osv\u011bd\u010den\u00ed o absolvov\u00e1n\u00ed konkr\u00e9tn\u00edho kurzu<\/li>\n<\/ul>\n<p>Nab\u00eddka dal\u0161\u00edho vzd\u011bl\u00e1v\u00e1n\u00ed lid\u00ed v postproduktivn\u00edm v\u011bku je zam\u011b\u0159ena na roz\u0161i\u0159ov\u00e1n\u00ed znalost\u00ed i mo\u017enost seberealizace v oblasti spole\u010densk\u00fdch a p\u0159\u00edrodn\u00edch obor\u016f, kultury, v\u011bdy a techniky. Ke studiu na univerzit\u011b t\u0159et\u00edho v\u011bku se mohou p\u0159ihl\u00e1sit lid\u00e9, kte\u0159\u00ed nikdy vysokou \u0161kolu nestudovali, ale i absolventi, kte\u0159\u00ed cht\u011bj\u00ed pokra\u010dovat v dal\u0161\u00edm rozvoji.<\/p>\n<p>Univerzita t\u0159et\u00edho v\u011bku m\u00e1 tak\u00e9 v\u00fdrazn\u00fd socializa\u010dn\u00ed \u00a0dopad. Slou\u017e\u00ed jako smyslupln\u00e1 v\u00fdpl\u0148 voln\u00e9ho \u010dasu. Lid\u00e9 tou\u017e\u00edc\u00ed po dal\u0161\u00edm vzd\u011bl\u00e1v\u00e1n\u00ed se na kurzech potk\u00e1vaj\u00ed se sv\u00fdmi vrstevn\u00edky, se kter\u00fdmi mohou sd\u00edlet nov\u00e9 poznatky, zku\u0161enosti a z\u00e1\u017eitky.<\/p>\n<p><strong>V\u00fdro\u010dn\u00ed zpr\u00e1vy<br \/><\/strong><a href=\"https:\/\/www.clu3v.cz\/index.php\/2020\/06\/29\/vyrocni-zprava-2019\/\" target=\"_blank\" rel=\"noopener noreferrer\">V\u00fdro\u010dn\u00ed zpr\u00e1va 2019<\/a><\/p>\n<p><strong><a href=\"https:\/\/www.clu3v.cz\/wp-content\/uploads\/2020\/05\/Dal\u0161\u00ed-informace-a-obchodn\u00ed-podm\u00ednky.pdf\" target=\"_blank\" rel=\"noopener noreferrer\">Obchodn\u00ed podm\u00ednky CLU3V<\/a><br \/><br \/><\/strong><\/p>\n\n\n<figure class=\"wp-block-image\"><img loading=\"lazy\" decoding=\"async\" width=\"1024\" height=\"768\" src=\"https:\/\/www.clu3v.cz\/wp-content\/uploads\/2019\/03\/IMG_20180927_152032-1024x768.jpg\" alt=\"\" class=\"wp-image-148\" srcset=\"https:\/\/www.clu3v.cz\/wp-content\/uploads\/2019\/03\/IMG_20180927_152032-1024x768.jpg 1024w, https:\/\/www.clu3v.cz\/wp-content\/uploads\/2019\/03\/IMG_20180927_152032-300x225.jpg 300w, https:\/\/www.clu3v.cz\/wp-content\/uploads\/2019\/03\/IMG_20180927_152032-768x576.jpg 768w\" sizes=\"auto, (max-width: 767px) 89vw, (max-width: 1000px) 54vw, (max-width: 1071px) 543px, 580px\" \/><figcaption>Zah\u00e1jen\u00ed 2018<\/figcaption><\/figure>\n\n\n\n<figure class=\"wp-block-image\"><img loading=\"lazy\" decoding=\"async\" width=\"1024\" height=\"768\" src=\"https:\/\/www.clu3v.cz\/wp-content\/uploads\/2019\/03\/IMG_20180927_155108-1024x768.jpg\" alt=\"\" class=\"wp-image-149\" srcset=\"https:\/\/www.clu3v.cz\/wp-content\/uploads\/2019\/03\/IMG_20180927_155108-1024x768.jpg 1024w, https:\/\/www.clu3v.cz\/wp-content\/uploads\/2019\/03\/IMG_20180927_155108-300x225.jpg 300w, https:\/\/www.clu3v.cz\/wp-content\/uploads\/2019\/03\/IMG_20180927_155108-768x576.jpg 768w\" sizes=\"auto, (max-width: 767px) 89vw, (max-width: 1000px) 54vw, (max-width: 1071px) 543px, 580px\" \/><figcaption>zah\u00e1jen\u00ed 2018<\/figcaption><\/figure>\n","protected":false},"excerpt":{"rendered":"<p>Univerzita t\u0159et\u00edho v\u011bku\u00a0(U3V) je koncepce\u00a0celo\u017eivotn\u00edho vzd\u011bl\u00e1v\u00e1n\u00ed pro z\u00e1jemce v ka\u017ed\u00e9m v\u011bku. Speci\u00e1ln\u00ed vzd\u011bl\u00e1vac\u00ed program pro seniory m\u00e1 p\u016fvod ve Francii. V \u010cech\u00e1ch byla zalo\u017eena prvn\u00ed univerzita t\u0159et\u00edho v\u011bku v Olomouci v roce 1986 Podstatou univerzity t\u0159et\u00edho v\u011bku je: p\u0159ihl\u00e1sit se m\u016f\u017ee ka\u017ed\u00fd absolvent z\u00edsk\u00e1 osv\u011bd\u010den\u00ed o absolvov\u00e1n\u00ed konkr\u00e9tn\u00edho kurzu Nab\u00eddka dal\u0161\u00edho vzd\u011bl\u00e1v\u00e1n\u00ed lid\u00ed v postproduktivn\u00edm &hellip; <\/p>\n<p class=\"link-more\"><a href=\"https:\/\/www.clu3v.cz\/index.php\/o-nas\/\" class=\"more-link\">Pokra\u010dovat ve \u010dten\u00ed<span class=\"screen-reader-text\"> &#8222;O n\u00e1s&#8220;<\/span><\/a><\/p>\n","protected":false},"author":1,"featured_media":0,"parent":0,"menu_order":0,"comment_status":"closed","ping_status":"closed","template":"","meta":{"footnotes":""},"class_list":["post-45","page","type-page","status-publish","hentry"],"_links":{"self":[{"href":"https:\/\/www.clu3v.cz\/index.php\/wp-json\/wp\/v2\/pages\/45","targetHints":{"allow":["GET"]}}],"collection":[{"href":"https:\/\/www.clu3v.cz\/index.php\/wp-json\/wp\/v2\/pages"}],"about":[{"href":"https:\/\/www.clu3v.cz\/index.php\/wp-json\/wp\/v2\/types\/page"}],"author":[{"embeddable":true,"href":"https:\/\/www.clu3v.cz\/index.php\/wp-json\/wp\/v2\/users\/1"}],"replies":[{"embeddable":true,"href":"https:\/\/www.clu3v.cz\/index.php\/wp-json\/wp\/v2\/comments?post=45"}],"version-history":[{"count":4,"href":"https:\/\/www.clu3v.cz\/index.php\/wp-json\/wp\/v2\/pages\/45\/revisions"}],"predecessor-version":[{"id":638,"href":"https:\/\/www.clu3v.cz\/index.php\/wp-json\/wp\/v2\/pages\/45\/revisions\/638"}],"wp:attachment":[{"href":"https:\/\/www.clu3v.cz\/index.php\/wp-json\/wp\/v2\/media?parent=45"}],"curies":[{"name":"wp","href":"https:\/\/api.w.org\/{rel}","templated":true}]}}